{"id":129,"date":"2018-08-27T12:16:33","date_gmt":"2018-08-27T12:16:33","guid":{"rendered":"https:\/\/www.it-software-medien.de\/multidialogo\/services\/"},"modified":"2024-07-23T14:58:01","modified_gmt":"2024-07-23T14:58:01","slug":"services","status":"publish","type":"page","link":"https:\/\/www.it-software-medien.de\/multidialogo\/services\/","title":{"rendered":"Planos e Pre\u00e7os"},"content":{"rendered":"\n<figure class=\"wp-block-table is-style-stripes\"><table><thead><tr><th class=\"has-text-align-left\" data-align=\"left\"><\/th><th>Pre\u00e7os<\/th><th>Quantidade<\/th><th>Pre\u00e7o \u00fanico<\/th><th>Pre\u00e7o mensal<\/th><\/tr><\/thead><tbody><tr><td class=\"has-text-align-left\" data-align=\"left\">Usu\u00e1rios<\/td><td>R$ 39<\/td><td><\/td><td>R$ 0<\/td><td><\/td><\/tr><tr><td class=\"has-text-align-left\" data-align=\"left\">Conex\u00f5es<\/td><td>R$ 25<\/td><td><\/td><td>R$ 0<\/td><td><\/td><\/tr><tr><td class=\"has-text-align-left\" data-align=\"left\">Configura\u00e7\u00e3o (opcional)<\/td><td>R$ 490<\/td><td><\/td><td><\/td><td>R$ 0<\/td><\/tr><tr><td class=\"has-text-align-left\" data-align=\"left\">Importa\u00e7\u00e3o de contatos<\/td><td>R$ 0<\/td><td><\/td><td><\/td><td>R$ 0<\/td><\/tr><tr><td class=\"has-text-align-left\" data-align=\"left\">Integra\u00e7\u00e3o para SimDoctor<\/td><td>R$ 0<\/td><td><\/td><td><\/td><td>R$ 0<\/td><\/tr><tr><td class=\"has-text-align-left\" data-align=\"left\">Campanhas (por 1.000\/m\u00eas)<\/td><td>R$ 0,059<\/td><td><\/td><td>R$ 0<\/td><td><\/td><\/tr><tr><td class=\"has-text-align-left\" data-align=\"left\">Filhas &amp; Chatbot (opcional)<\/td><td>R$ 15<\/td><td><\/td><td><\/td><td><\/td><\/tr><tr><td class=\"has-text-align-left\" data-align=\"left\">Suporte<\/td><td>R$ 0<\/td><td><\/td><td>R$ 0<\/td><td>R$ 0<\/td><\/tr><tr><td class=\"has-text-align-left\" data-align=\"left\">Soma<\/td><td><\/td><td><\/td><td><\/td><td><\/td><\/tr><tr><td class=\"has-text-align-left\" data-align=\"left\">Desconto para cliente SimDoctor<\/td><td>25%<\/td><td><\/td><td><\/td><td><\/td><\/tr><\/tbody><tfoot><tr><td class=\"has-text-align-left\" data-align=\"left\">Total<\/td><td><\/td><td><\/td><td><\/td><td><\/td><\/tr><\/tfoot><\/table><\/figure>\n\n\n<p><style>\/*! elementor - v3.18.0 - 20-12-2023 *\/<br \/>\n.elementor-heading-title{padding:0;margin:0;line-height:1}.elementor-widget-heading .elementor-heading-title[class*=elementor-size-]>a{color:inherit;font-size:inherit;line-height:inherit}.elementor-widget-heading .elementor-heading-title.elementor-size-small{font-size:15px}.elementor-widget-heading .elementor-heading-title.elementor-size-medium{font-size:19px}.elementor-widget-heading .elementor-heading-title.elementor-size-large{font-size:29px}.elementor-widget-heading .elementor-heading-title.elementor-size-xl{font-size:39px}.elementor-widget-heading .elementor-heading-title.elementor-size-xxl{font-size:59px}<\/style><\/p>\n<table width=\"326\">\n<tbody>\n<tr>\n<td width=\"326\">Usu\u00e1rios<\/td>\n<\/tr>\n<\/tbody>\n<\/table>\n<h1>Planos &amp; Pre\u00e7os<\/h1>\n<p><style>\/*! elementor - v3.18.0 - 20-12-2023 *\/<br \/>\n.elementor-widget-image{text-align:center}.elementor-widget-image a{display:inline-block}.elementor-widget-image a img[src$=\".svg\"]{width:48px}.elementor-widget-image img{vertical-align:middle;display:inline-block}<\/style><\/p>\n<p><img fetchpriority=\"high\" decoding=\"async\" src=\"https:\/\/www.it-software-medien.de\/multidialogo\/wp-content\/uploads\/2020\/07\/crop-woman-using-calculator-and-taking-notes-on-paper.jpg\" sizes=\"(max-width: 640px) 100vw, 640px\" srcset=\"https:\/\/www.it-software-medien.de\/multidialogo\/wp-content\/uploads\/2020\/07\/crop-woman-using-calculator-and-taking-notes-on-paper.jpg 640w, https:\/\/www.it-software-medien.de\/multidialogo\/wp-content\/uploads\/2020\/07\/crop-woman-using-calculator-and-taking-notes-on-paper-300x200.jpg 300w\" alt=\"\" width=\"640\" height=\"426\" \/><\/p>\n<h3>Accounting Services<\/h3>\n<h5>Outsourced Accounting<\/h5>\n<p>I am text block. Click edit button to change this text. Lorem ipsum dolor sit amet, consectetur adipiscing elit.\u00a0Ut enim ad minim veniam, quis nostrud exercitation.\u00a0 Duis aute irure dolor in reprehenderit in voluptate velit esse cillum dolore eu fugiat.<\/p>\n<h5>Compilations<\/h5>\n<p>I am text block. Click edit button to change this text. Lorem ipsum dolor sit amet, consectetur adipiscing elit.\u00a0Ut enim ad minim veniam, quis nostrud exercitation.<\/p>\n<h3>Tax Services<\/h3>\n<h5>Individual Tax Services<\/h5>\n<p>I am text block. Click edit button to change this text. Lorem ipsum dolor sit amet, consectetur adipiscing elit.<\/p>\n<h5>Corporate &amp; Partnership Tax Services<\/h5>\n<p>I am text block. Click edit button to change this text. Duis aute irure dolor in reprehenderit in voluptate velit esse cillum.\u00a0<\/p>\n<h5>Estate &amp; Trust Tax Services<\/h5>\n<p>I am text block. Click edit button to change this text. Lorem ipsum dolor sit amet, consectetur adipiscing elit.<\/p>\n<p><img decoding=\"async\" src=\"https:\/\/www.it-software-medien.de\/multidialogo\/wp-content\/uploads\/2020\/07\/heap-of-american-money-cash-and-vintage-light-box.jpg\" sizes=\"(max-width: 640px) 100vw, 640px\" srcset=\"https:\/\/www.it-software-medien.de\/multidialogo\/wp-content\/uploads\/2020\/07\/heap-of-american-money-cash-and-vintage-light-box.jpg 640w, https:\/\/www.it-software-medien.de\/multidialogo\/wp-content\/uploads\/2020\/07\/heap-of-american-money-cash-and-vintage-light-box-300x200.jpg 300w\" alt=\"\" width=\"640\" height=\"426\" \/><br \/><img decoding=\"async\" src=\"https:\/\/www.it-software-medien.de\/multidialogo\/wp-content\/uploads\/2020\/07\/crop-payroll-clerk-counting-money-while-sitting-at-table.jpg\" sizes=\"(max-width: 640px) 100vw, 640px\" srcset=\"https:\/\/www.it-software-medien.de\/multidialogo\/wp-content\/uploads\/2020\/07\/crop-payroll-clerk-counting-money-while-sitting-at-table.jpg 640w, https:\/\/www.it-software-medien.de\/multidialogo\/wp-content\/uploads\/2020\/07\/crop-payroll-clerk-counting-money-while-sitting-at-table-300x200.jpg 300w\" alt=\"\" width=\"640\" height=\"426\" \/><\/p>\n<h3>Financial Advisory<\/h3>\n<h5>Mergers &amp; Acquisitions<\/h5>\n<p>I am text block. Click edit button to change this text. Lorem ipsum dolor sit amet, consectetur adipiscing elit.\u00a0Ut enim ad minim veniam, quis nostrud exercitation.\u00a0 Duis aute irure dolor in reprehenderit in voluptate velit esse cillum dolore eu fugiat.<\/p>\n<h5>Financial Crisis<\/h5>\n<p>I am text block. Click edit button to change this text. Lorem ipsum dolor sit amet, consectetur adipiscing elit.\u00a0Ut enim ad minim veniam, quis nostrud exercitation.\u00a0 Duis aute irure dolor in reprehenderit in voluptate velit esse cillum.<\/p>\n<h6>Free Estimation<\/h6>\n<h2>Request A Quote<\/h2>\n<p>I am text block. Click edit button to change this text. Lorem ipsum dolor sit amet, consectetur adipiscing elit. Ut elit tellus, luctus nec ullamcorper mattis.<\/p>\n<p><a href=\"#\"><br \/>Get A Quote<br \/><\/a><\/p>","protected":false},"excerpt":{"rendered":"<p>Pre\u00e7os Quantidade Pre\u00e7o \u00fanico Pre\u00e7o mensal Usu\u00e1rios R$ 39 R$ 0 Conex\u00f5es R$ 25 R$ 0 Configura\u00e7\u00e3o (opcional) R$ 490 R$ 0 Importa\u00e7\u00e3o de contatos R$ 0 R$ 0 Integra\u00e7\u00e3o para SimDoctor R$ 0 R$ 0 Campanhas (por 1.000\/m\u00eas) R$ 0,059 R$ 0 Filhas &amp; Chatbot (opcional) R$ 15 Suporte R$ 0 R$ 0 R$ [&hellip;]<\/p>\n","protected":false},"author":1,"featured_media":0,"parent":0,"menu_order":0,"comment_status":"closed","ping_status":"closed","template":"","meta":{"site-sidebar-layout":"default","site-content-layout":"page-builder","ast-site-content-layout":"full-width-container","site-content-style":"unboxed","site-sidebar-style":"unboxed","ast-global-header-display":"","ast-banner-title-visibility":"","ast-main-header-display":"","ast-hfb-above-header-display":"","ast-hfb-below-header-display":"","ast-hfb-mobile-header-display":"","site-post-title":"disabled","ast-breadcrumbs-content":"","ast-featured-img":"disabled","footer-sml-layout":"","theme-transparent-header-meta":"enabled","adv-header-id-meta":"","stick-header-meta":"","header-above-stick-meta":"","header-main-stick-meta":"","header-below-stick-meta":"","astra-migrate-meta-layouts":"set","ast-page-background-enabled":"default","ast-page-background-meta":{"desktop":{"background-color":"","background-image":"","background-repeat":"repeat","background-position":"center center","background-size":"auto","background-attachment":"scroll","background-type":"","background-media":"","overlay-type":"","overlay-color":"","overlay-opacity":"","overlay-gradient":""},"tablet":{"background-color":"","background-image":"","background-repeat":"repeat","background-position":"center center","background-size":"auto","background-attachment":"scroll","background-type":"","background-media":"","overlay-type":"","overlay-color":"","overlay-opacity":"","overlay-gradient":""},"mobile":{"background-color":"","background-image":"","background-repeat":"repeat","background-position":"center center","background-size":"auto","background-attachment":"scroll","background-type":"","background-media":"","overlay-type":"","overlay-color":"","overlay-opacity":"","overlay-gradient":""}},"ast-content-background-meta":{"desktop":{"background-color":"var(--ast-global-color-5)","background-image":"","background-repeat":"repeat","background-position":"center center","background-size":"auto","background-attachment":"scroll","background-type":"","background-media":"","overlay-type":"","overlay-color":"","overlay-opacity":"","overlay-gradient":""},"tablet":{"background-color":"var(--ast-global-color-5)","background-image":"","background-repeat":"repeat","background-position":"center center","background-size":"auto","background-attachment":"scroll","background-type":"","background-media":"","overlay-type":"","overlay-color":"","overlay-opacity":"","overlay-gradient":""},"mobile":{"background-color":"var(--ast-global-color-5)","background-image":"","background-repeat":"repeat","background-position":"center center","background-size":"auto","background-attachment":"scroll","background-type":"","background-media":"","overlay-type":"","overlay-color":"","overlay-opacity":"","overlay-gradient":""}},"footnotes":""},"class_list":["post-129","page","type-page","status-publish","hentry"],"jetpack_sharing_enabled":true,"_links":{"self":[{"href":"https:\/\/www.it-software-medien.de\/multidialogo\/wp-json\/wp\/v2\/pages\/129","targetHints":{"allow":["GET"]}}],"collection":[{"href":"https:\/\/www.it-software-medien.de\/multidialogo\/wp-json\/wp\/v2\/pages"}],"about":[{"href":"https:\/\/www.it-software-medien.de\/multidialogo\/wp-json\/wp\/v2\/types\/page"}],"author":[{"embeddable":true,"href":"https:\/\/www.it-software-medien.de\/multidialogo\/wp-json\/wp\/v2\/users\/1"}],"replies":[{"embeddable":true,"href":"https:\/\/www.it-software-medien.de\/multidialogo\/wp-json\/wp\/v2\/comments?post=129"}],"version-history":[{"count":10,"href":"https:\/\/www.it-software-medien.de\/multidialogo\/wp-json\/wp\/v2\/pages\/129\/revisions"}],"predecessor-version":[{"id":1267,"href":"https:\/\/www.it-software-medien.de\/multidialogo\/wp-json\/wp\/v2\/pages\/129\/revisions\/1267"}],"wp:attachment":[{"href":"https:\/\/www.it-software-medien.de\/multidialogo\/wp-json\/wp\/v2\/media?parent=129"}],"curies":[{"name":"wp","href":"https:\/\/api.w.org\/{rel}","templated":true}]}}